{"id":2,"date":"2010-10-18T12:09:41","date_gmt":"2010-10-18T12:09:41","guid":{"rendered":"http:\/\/www.commercers.com\/blog\/?page_id=2"},"modified":"2019-10-04T19:28:23","modified_gmt":"2019-10-04T17:28:23","slug":"commercers-und-magento","status":"publish","type":"page","link":"https:\/\/www.commercers.com\/blog\/commercers-und-magento\/","title":{"rendered":"\u00dcber uns und Magento"},"content":{"rendered":"<h2>2019 und damit schon 10 Jahre Commercers &amp; Magento &#8211; WOW. Wie die Zeit vergeht!<\/h2>\n<p>Auf dieser Seite bzw. in diesem Blog wollen wir Tipps, Tricks und Insider-Informationen aus unserer t\u00e4glichen <strong>Magento-<\/strong>Anwendung geben. Alles, wor\u00fcber wir bei Magento einmal gestolpert sind und was anderen n\u00fctzliche sein k\u00f6nnte, werden wir hier posten.<\/p>\n<p>Sollte bei der Lekt\u00fcre festgestellt werden, dass man Unterst\u00fctzung bei einem Magento-Projekt brauchen k\u00f6nnte (kurz- oder langfristig), freuen wir uns \u00fcber eine Kontaktaufnahme.<\/p>\n<p>Wer sind die <strong>Commercers<\/strong> und was machen wir?<\/p>\n<ul>\n<li>Der Name &#8220;Commercers&#8221; gr\u00fcndet sich auf einem Projektnamen, der vor \u00fcber 10 Jahren im Zusammenhang mit eigenen Onlineshops und den daraus resultierenden Dienstleistungen entstand. Die Gr\u00fcnder der Commercers betrieben damals einige Onlineshops (und betreiben auch heute noch welche) und stellten schnell fest, dass man mit dem so gesammelten Know-How noch viel mehr Geld verdienen kann, wenn man es zusammenpackt und als Dienstleistung anbietet.<\/li>\n<li>Aus dieser Idee wurde das Unternehmen Commercers gegr\u00fcndet. Zuerst als UG, um dann kurze Zeit sp\u00e4ter in eine GmbH umgewandelt zu werden.<\/li>\n<li>In dieser GmbH befassten wir uns hauptberuflich mit der Konzeptionierung, Erstellung und dem Betrieb von Magento Online Systemen und Speziall\u00f6sungen auf Magento-Basis. Wir schreiben bewusst &#8220;Systemen&#8221; und nicht &#8220;Shops&#8221;, da zu unseren L\u00f6sungen nicht nur B2C- und B2B-Onlineshops geh\u00f6ren sondern Sonderformen wie B2E-Systeme. (F\u00fcr alle, die nach der Bedeutung von B2C etc. fragen: B2C = Business to Consumer (Verkauf an Konsumenten \/ Endkunden); B2B = Business to Business (Verkauf an Gewerbliche Kunden \/ h\u00e4ufig Weiterverk\u00e4ufer \/ Zwischenh\u00e4ndler); B2E = Business to Employee (ganz allgemein: Nutzer sind Mitarbeiter des den Shop betreibenden Unternehmens, also interne Bestellungen bzw. Abrufe).<\/li>\n<li>In der Vergangenheit haben wir Magento in diverse Sonderformen gebracht. Um ein paar zu nennen:\n<ul>\n<li><strong>One-Item-Shop<\/strong> (h\u00e4ufig neben einer Marketingkampagne zum Launch eines neuen Produktes wurde nur dieses eine Produkt im Shop angeboten &#8211; also mehr eine Content-Seite mit Kauffunktion)<\/li>\n<li><strong>Cash-Back-System<\/strong> (Kunden haben ein Produkt im Handel gekauft und bekommen als Werbema\u00dfnahme einen Teil oder den kompletten Kaufpreis zur\u00fcck. Hierzu m\u00fcssen sie in einem Formular die notwendigen Daten eingeben und eine Kopie des Kaufbelegs hochladen. Anschlie\u00dfend wird der Betrag zur\u00fcck\u00fcberwiesen.)<\/li>\n<li><strong>Money-Back-System<\/strong> (\u00e4hnlich wie zuvor genannte L\u00f6sung nur, dass es hier um &#8220;nicht zufrieden? Geld zur\u00fcck&#8221; geht)<\/li>\n<li><strong>Gewinnspiel-Seite<\/strong> (Es wurden im lokalen Handel (Rubbel)Lose verteilt mit einmaligen Codes. Nach Eingabe des Codes erkennt das System, ob es sich um einen Sofortgewinn handelt (und um welchen) oder um die Teilnahmem\u00f6glichkeit an der Hauptverlosung. Je nach Gewinntyp wird anschlie\u00dfend ein Versandauftrag an die Logistik erstellt und \u00fcbermittelt oder in einer separaten Liste ein Eintrag erstellt, um die Auslosung am Ende des Gewinnspiels durchf\u00fchren zu k\u00f6nnen.)<\/li>\n<li><strong>Treue-Aktion<\/strong> (Kunden k\u00f6nnen Punkte sammeln z.B. f\u00fcr erworbene Produkte oder eingel\u00f6ste Codes etc. &#8211; mit den Punkten k\u00f6nnen sie sich Pr\u00e4mien aussuchen und bestellen. Der Auftrag an die Logistik wird automatisch \u00fcbermittelt sowie die R\u00fcckmeldung an den Kunden nach Versand des Produktes.)<\/li>\n<li><strong>Closed-Shop<\/strong> (nur akkreditierte und zugelassene Nutzer k\u00f6nnen auf den Shop zugreifen, Produkte sehen und bestellen. Hier kann entweder definiert werden, dass sich Kunden anmelden k\u00f6nnen aber erst nach Pr\u00fcfung freigeschaltet werden oder ausschlie\u00dflich \u00fcber den Admin Neukunden angelegt werden k\u00f6nnen.)<\/li>\n<li><strong>Webauftritt ohne Bestellfunktion<\/strong> aber mit der M\u00f6glichkeit jederzeit Produkte anbieten zu k\u00f6nnen.<\/li>\n<li><strong>Online-Storage-L\u00f6sung<\/strong> (Kunden k\u00f6nnen Lagerboxen bestellen, die ihnen zugeschickt werden. F\u00fcllen diese mit ihren Sachen, die sie gerne lagern wollen aber keinen Platz haben und senden diese mit dem mitgelieferten R\u00fccksendeetikett ins Zentrallager. Brauchen Sie die Artikel zur\u00fcck oder wollen welche tauschen, k\u00f6nnen sie die Kiste jederzeit aus ihrem Kundenprofil abrufen und sich zusenden lassen.)<\/li>\n<li><strong>Diverse Apps als Anbindung an das System<\/strong> (iOS- und Windows-Apps haben wir bereits kundenindividuell erstellt, um an das verwendete Spezialsystem angeklemmt zu werden und den Bestellprozess hocheffizient zu gestalten.)<\/li>\n<li><strong>Dienstleistungs- \/ Mietshop<\/strong> (zeitlich begrenzte &#8220;Artikel&#8221; k\u00f6nnen mit diversen Kalenderfunktionen bestellt werden.)<\/li>\n<li><strong>Shop-Portal<\/strong> (Anbieter k\u00f6nnen ein Profil erstellen und ihre eigenen Artikel im Portalsystem des Hauptanbieters einstellen und an eine gro\u00dfe Zielgruppe verkaufen &#8211; \u00e4hnlich wie Amazon Seller Central oder eBay.)<\/li>\n<li><strong>Produkt-Individualisierung<\/strong> (Eigener Name oder eigenes Logo \/ Bild auf ein Produkt? Klar!)<\/li>\n<li><strong>Gutschein-Shop<\/strong> (Gutscheine zum Verschenken etc. kaufen, wenn gew\u00fcnscht individualisiert, selber ausdrucken oder drucken lassen.)<\/li>\n<\/ul>\n<\/li>\n<li>Im kleinen aber feinen Bereich der <strong>Digitalisierung der Werbemitteldistribution<\/strong> bzw. hoch spezialisierter Abruf-Systeme im <strong>B2E-Bereich (ugs. auch &#8220;Au\u00dfendienst-Abrufsystem&#8221;) <\/strong>geh\u00f6ren wir zu den Marktf\u00fchrern mit einem kaum vergleichbaren Funktionsportfolio. Dazu geh\u00f6ren Funktionen wie eine detailreiche Kontingentverwaltung, Au\u00dfenlagersteuerung, Budget- und Kostenstellenfunktionen uvm.<\/li>\n<li>Neben der <strong>Beratung, Konzipierung, Erstellung und Betreuung<\/strong> unterst\u00fctzen wir unsere Kunden auch bei der Optimierung des Besucherflusses. Dazu geh\u00f6ren umfassende <strong>SEM<\/strong>&#8211; (Search Engine Marketing) Ma\u00dfnahmen wie die <strong>SEO<\/strong> (Search Engine Optimization) und <strong>SEA<\/strong> (Search Engine Advertising) sowie Onpage-Optimierungen (Geschwindigkeit, Content, Sicherheit, Multisprachen&#8230;).<\/li>\n<li>Zur <strong>Vervielfachung der Produktwahrnehmung<\/strong> bieten wir eine (fast) nahtlose Anbindung des Shops an Portale wie <strong>Amazon und eBay<\/strong> an. Das komplette Shopmanagement l\u00e4uft \u00fcber den Shop inkl. m\u00f6glicher Schnittstellen zu CRM, ERP, Logistik etc.. Artikel, Best\u00e4nde und Bestellungen werden direkt aus dem Shop in die Portale gespielt sowie Statusmeldungen. Einige unserer Kunden nutzen das Shopsystem ausschlie\u00dflich als Backoffice f\u00fcr die Portale und nutzen das Shopfrontend selber gar nicht &#8211; so einfach und unkompliziert kann es sein Produkte in und Bestellungen aus den gro\u00dfen Portalen zu bekommen.<\/li>\n<li>Unsere Kunden konzentrieren sich auf Ihre Kernkompetenzen, w\u00e4hrend wir den <strong>Onlineshop<\/strong> betreiben und f\u00fcr Umsatz sorgen. Ganz nach dem Motto &#8220;Relax &#8211; wir machen das f\u00fcr Sie!&#8221;<\/li>\n<li>Wenn Sie ein Produkt haben, sich aber nur um dieses und nicht um alles andere k\u00fcmmern wollen, bieten wir Ihnen neben unserem facettenreichen Know-How einen Rund-um-Service bis zu unserem <strong>Kaiser-Angebot f\u00fcr ganz ausgesuchte Kunden<\/strong>: ALLES DRIN. Wir verkaufen Ihre Produkte im Kommissionsgesch\u00e4ft im eigenen Namen und erstellen hierzu den Shop in Absprache mit Ihnen und betreiben ihn. Marketingma\u00dfnahmen, Anbindungen an Portale, Finanzabwicklung (inkl. Stellung von PayPal, Amazon, Bank etc. Konto), Kundenservice (<strong>Telefonhotline, Chat, Mail- \/ Ticketsystem<\/strong>), After-Sales-Services &#8211; also alles was man ben\u00f6tigt. Am Ende des Monats erhalten Sie eine \u00fcbersichtliche Abrechnung \u00fcber den Produktumsatz und eine Gutschrift abzgl. der Provision bzw. Serviceentgelten.<\/li>\n<li><strong>Proaktivit\u00e4t, Flexibilit\u00e4t und Transparenz<\/strong> ist f\u00fcr uns selbstverst\u00e4ndlich! Wir arbeiten nach unserem Leitsatz <strong>&#8220;Es kann nur funktionieren wenn es beiden Seiten Spa\u00df macht&#8221;<\/strong><\/li>\n<li><strong>Partnerschaftliche, verl\u00e4ssliche Zusammenarbeit<\/strong> ist uns ein MUSS. Die <strong>Zusammenarbeit mit Agenturen<\/strong>, deren Kernkompetenz nicht im Betrieb des Shops liegt, unterst\u00fctzen wir gerne!<\/li>\n<\/ul>\n<p>Seit 2019 sind wir als <strong>Commercers Gruppe<\/strong> noch breiter aufgestellt:<\/p>\n<p><img loading=\"lazy\" decoding=\"async\" class=\"alignleft wp-image-3333 size-medium\" src=\"https:\/\/www.commercers.com\/blog\/wp-content\/uploads\/2019\/10\/GmbH-2019-Logo-bw-e1570209799544-300x100.png\" alt=\"\" width=\"300\" height=\"100\" \/>Die <em><strong>Commercers GmbH<\/strong><\/em> hat Nachwuchs bekommen (nunja, nicht wirklich &#8211; aber es h\u00f6rt sich so nett an)! Zuk\u00fcnftig wird sie sich haupts\u00e4chlich um die <strong>Digitalisierung der Werbemitteldistribution sowie Gesch\u00e4ftsprozessen<\/strong> k\u00fcmmen und hochspezialisierte Abrufsysteme anbieten &#8211; und alles was dazu geh\u00f6rt. Kunden sind dabei haupts\u00e4chlich <strong>Mittelstand, Gro\u00dfunternehmen und die Industrie<\/strong>. <strong>Komplexe Anbindungen an Systeme wie SAP, Salesforce, JDE, Navision uvm.<\/strong> sind dabei h\u00e4ufig ein Teil der Aufgaben.<\/p>\n<p>&nbsp;<\/p>\n<p><img loading=\"lazy\" decoding=\"async\" class=\"alignright wp-image-3334 size-medium\" src=\"https:\/\/www.commercers.com\/blog\/wp-content\/uploads\/2019\/10\/solutions-2019-Logo-bw-e1570209855241-300x98.png\" alt=\"\" width=\"300\" height=\"98\" \/>Die <em><strong>Commercers Solutions GmbH<\/strong><\/em> legt ihr Augenmerk auf B2C- und B2B-Shops. Hier als direkter Ansprechpartner f\u00fcr <strong>Shopbetreiber, Markeninhaber, Agenturen u.a.<\/strong>, die Unterst\u00fctzung bei einem Shop-Projekt ben\u00f6tigen.<\/p>\n<p>&nbsp;<\/p>\n<p><img loading=\"lazy\" decoding=\"async\" class=\"alignleft size-medium wp-image-3335\" src=\"https:\/\/www.commercers.com\/blog\/wp-content\/uploads\/2019\/10\/vietnam-2019-Logo-bw-e1570209895960-300x98.png\" alt=\"\" width=\"300\" height=\"98\" \/>Und last but not least, die <em><strong>Commercers Vietnam LLC<\/strong><\/em> &#8211; unsere Code-Bruteinheit im wundersch\u00f6nen Vietnam. Hier werden die meisten unserer Anwendungen und Funktionen codeseitig erstellt und umgesetzt. Und da uns Sicherheit wichtig ist: <strong>Nat\u00fcrlich alles nach DS-GVO<\/strong>.<\/p>\n<p>&nbsp;<\/p>\n<p><strong>Alles aus einer Hand und selbstverst\u00e4ndlich mit nur einem direkten, pers\u00f6nlichen und menschlichen Ansprechpartner.<\/strong><\/p>\n<p>Nun stellt sich noch die Frage: <strong>Wof\u00fcr brauchen die Commercers diesen Blog &#8211; sie nehmen sich doch damit eher Umsatz weg<\/strong>?<\/p>\n<p>Die Antwort ist relativ einfach: Durch die t\u00e4gliche Arbeit mit Magento sto\u00dfen wir immer wieder auf Probleme, die nicht nur uns betreffen. Teilweise ist hiermit viel Zeit, Stress und Aufwand verbunden. Ob nun in verschiedenen Foren oder im gesamten Internet gesucht werden muss, es dauert meist lang. Daher haben wir uns vor langer Zeit entschlossen einen eigenen Blog zu erstellen, in dem wir Antworten zusammentragen oder L\u00f6sungen einstellen, die wir selber erarbeitet haben. Der <strong>Commercers Magento Blog<\/strong> ist auch ein Dankesch\u00f6n an die Magento Community, ohne die Magento nicht bestehen k\u00f6nnte und niemals zum f\u00fchrenden Shop-System geworden w\u00e4re.<\/p>\n<p>Vielen Dank an dieser Stelle an alle anderen <strong>Magento L\u00f6sungssucher<\/strong> und -geber, die uns geholfen haben und deren Antworten wir hier verwenden wollen.<\/p>\n<p><strong>Und noch ein Hinweis: Wir geben alle Informationen nach eigenem Wissen und Gewissen weiter.<\/strong><\/p>\n<p><strong>Wir \u00fcbernehmen keinerlei Garantie f\u00fcr die Funktionsf\u00e4higkeit und Nutzbarkeit der L\u00f6sungen auf dieser Seite! Jede \u00dcbernahme der L\u00f6sungswege geschieht auf eigene Gefahr. <\/strong><\/p>\n<p><strong>Jede \u00c4nderung am eigenen Shop sollte daher sinnvollerweise in einer Testumgebung \u00fcberpr\u00fcft und nicht direkt ins Livesystem eingespielt werden.<\/strong><\/p>\n","protected":false},"excerpt":{"rendered":"<p>2019 und damit schon 10 Jahre Commercers &amp; Magento &#8211; WOW. Wie die Zeit vergeht! Auf dieser Seite bzw. in diesem Blog wollen wir Tipps, Tricks und Insider-Informationen aus unserer t\u00e4glichen Magento-Anwendung geben. Alles, wor\u00fcber wir bei Magento einmal gestolpert sind und was anderen n\u00fctzliche sein k\u00f6nnte, werden wir hier posten. Sollte bei der Lekt\u00fcre&#8230;<\/p>\n","protected":false},"author":2,"featured_media":0,"parent":0,"menu_order":2,"comment_status":"closed","ping_status":"closed","template":"","meta":{"_monsterinsights_skip_tracking":false,"_monsterinsights_sitenote_active":false,"_monsterinsights_sitenote_note":"","_monsterinsights_sitenote_category":0,"footnotes":""},"class_list":["post-2","page","type-page","status-publish","hentry"],"aioseo_notices":[],"_links":{"self":[{"href":"https:\/\/www.commercers.com\/blog\/wp-json\/wp\/v2\/pages\/2","targetHints":{"allow":["GET"]}}],"collection":[{"href":"https:\/\/www.commercers.com\/blog\/wp-json\/wp\/v2\/pages"}],"about":[{"href":"https:\/\/www.commercers.com\/blog\/wp-json\/wp\/v2\/types\/page"}],"author":[{"embeddable":true,"href":"https:\/\/www.commercers.com\/blog\/wp-json\/wp\/v2\/users\/2"}],"replies":[{"embeddable":true,"href":"https:\/\/www.commercers.com\/blog\/wp-json\/wp\/v2\/comments?post=2"}],"version-history":[{"count":13,"href":"https:\/\/www.commercers.com\/blog\/wp-json\/wp\/v2\/pages\/2\/revisions"}],"predecessor-version":[{"id":3340,"href":"https:\/\/www.commercers.com\/blog\/wp-json\/wp\/v2\/pages\/2\/revisions\/3340"}],"wp:attachment":[{"href":"https:\/\/www.commercers.com\/blog\/wp-json\/wp\/v2\/media?parent=2"}],"curies":[{"name":"wp","href":"https:\/\/api.w.org\/{rel}","templated":true}]}}